{"id":3,"date":"2026-03-14T03:04:22","date_gmt":"2026-03-14T03:04:22","guid":{"rendered":"https:\/\/www.valiosoinsurance.com\/?page_id=3"},"modified":"2026-04-23T00:51:40","modified_gmt":"2026-04-22T19:51:40","slug":"privacy-policy","status":"publish","type":"page","link":"https:\/\/www.valiosoinsurance.com\/es\/privacy-policy\/","title":{"rendered":"Pol\u00edtica de Privacidad"},"content":{"rendered":"<div data-elementor-type=\"wp-page\" data-elementor-id=\"3\" class=\"elementor elementor-3\">\n\t\t\t\t\t\t<section class=\"elementor-section elementor-top-section elementor-element elementor-element-3f5c0d39 elementor-section-full_width elementor-section-height-default elementor-section-height-default\" data-id=\"3f5c0d39\" data-element_type=\"section\" data-e-type=\"section\">\n\t\t\t\t\t\t<div class=\"elementor-container elementor-column-gap-default\">\n\t\t\t\t\t<div class=\"elementor-column elementor-col-100 elementor-top-column elementor-element elementor-element-5fa9bcbe\" data-id=\"5fa9bcbe\" data-element_type=\"column\" data-e-type=\"column\">\n\t\t\t<div class=\"elementor-widget-wrap elementor-element-populated\">\n\t\t\t\t\t\t<div class=\"elementor-element elementor-element-797cca76 elementor-widget elementor-widget-text-editor\" data-id=\"797cca76\" data-element_type=\"widget\" data-e-type=\"widget\" data-widget_type=\"text-editor.default\">\n\t\t\t\t\t\t<div class=\"elementor-widget-container\">\n\t\t\t\t\t\t\t\t\t<h5>Pol\u00edtica de Privacidad. Fecha de entrada en vigor: 15 de marzo de 2026.<\/h5><p><strong>1. Qui\u00e9nes somos<\/strong><br \/>La direcci\u00f3n de nuestro sitio web es: https:\/\/www.valiosoinsurance.com\n. Operamos como una agencia de seguros independiente dedicada a brindar servicios profesionales de seguros y asesor\u00eda.<\/p><p><strong>2. Informaci\u00f3n que recopilamos<\/strong><br \/>Solo recopilamos la informaci\u00f3n personal que usted nos proporciona voluntariamente a trav\u00e9s de los formularios de nuestro sitio web:<\/p><p>Formularios de contacto: Cuando usted se comunica para consultas generales, recopilamos su nombre, direcci\u00f3n de correo electr\u00f3nico y el contenido de su mensaje para poder responderle.<\/p><p>Formularios de solicitud de cotizaci\u00f3n: Para proporcionar evaluaciones de seguros precisas, recopilamos datos personales o comerciales espec\u00edficos (como informaci\u00f3n de contacto y datos relacionados con el riesgo). Estos datos se utilizan exclusivamente para procesar su cotizaci\u00f3n con nuestras aseguradoras asociadas.<\/p><p>Al proporcionar un n\u00famero de tel\u00e9fono y enviar este formulario, usted est\u00e1 dando su consentimiento para ser contactado mediante mensajes de texto SMS. Pueden aplicarse cargos por mensajes y datos. La frecuencia de los mensajes puede variar. Responda \u201cHELP\u201d para m\u00e1s informaci\u00f3n. Puede responder \u201cSTOP\u201d para dejar de recibir m\u00e1s mensajes.<\/p><p>Comentarios: Si usted deja un comentario, recopilamos los datos que se muestran en el formulario de comentarios, su direcci\u00f3n IP y la cadena de agente de usuario del navegador para ayudar en la detecci\u00f3n de spam.<\/p><p><strong>3. Cookies y gesti\u00f3n del consentimiento<\/strong><br \/>Utilizamos Complianz | Consentimiento de Cookies GDPR\/CCPA para gestionar nuestras cookies.<\/p><p>Este sitio no permite el registro ni el inicio de sesi\u00f3n de usuarios; por lo tanto, no se utilizan cookies relacionadas con el acceso o autenticaci\u00f3n.<\/p><p>Nuestra herramienta de gesti\u00f3n de cookies le permite controlar, bloquear o conceder consentimiento a las cookies no esenciales (como las de an\u00e1lisis o marketing) en cualquier momento a trav\u00e9s del banner o la configuraci\u00f3n de la \u201cPol\u00edtica de Cookies\u201d.<\/p><p>Contenido incrustado: Los art\u00edculos de este sitio pueden incluir contenido incrustado (por ejemplo, videos o mapas). Estos sitios web de terceros pueden recopilar datos sobre usted si interact\u00faa con dicho contenido.<\/p><p><strong>4. C\u00f3mo utilizamos y compartimos sus datos<\/strong><br \/>Sus datos se utilizan estrictamente para fines relacionados con seguros:<\/p><p>Para responder a sus consultas.<\/p><p>Para obtener y presentar cotizaciones de seguros de proveedores de seguros autorizados.<br \/>We do not sell your personal information to third parties.<\/p><p><strong>5. Retenci\u00f3n de datos.<\/strong><br \/><strong>Env\u00edos de formularios:<\/strong> Conservamos los datos de contacto y de solicitudes de cotizaci\u00f3n durante el per\u00edodo necesario para proporcionar el servicio solicitado y para cumplir con las obligaciones legales y fiscales en la industria de seguros.<\/p><p>Comentarios: Los comentarios y sus metadatos se conservan de forma indefinida para que podamos reconocer y aprobar autom\u00e1ticamente comentarios posteriores.<\/p><p><strong>6. Sus derechos<\/strong><br \/>Usted tiene derecho a solicitar un archivo exportado de los datos personales que tenemos sobre usted o a solicitar la eliminaci\u00f3n de sus datos. Esto no incluye los datos que estamos obligados a conservar por motivos administrativos, legales o de seguridad.<\/p><p><strong>7. Protecci\u00f3n automatizada<\/strong><br \/>Los comentarios de los visitantes y los env\u00edos de formularios pueden ser verificados mediante un servicio automatizado de detecci\u00f3n de spam para garantizar la integridad de nuestro sitio.<\/p>\t\t\t\t\t\t\t\t<\/div>\n\t\t\t\t<\/div>\n\t\t\t\t\t<\/div>\n\t\t<\/div>\n\t\t\t\t\t<\/div>\n\t\t<\/section>\n\t\t\t\t<\/div>","protected":false},"excerpt":{"rendered":"<p>Privacy Policy.\u00a0Effective Date: March 15, 2026 1. Who We AreOur website address is: https:\/\/www.valiosoinsurance.com. We operate as an independent insurance agency dedicated to providing professional advisory and brokerage services. 2. Information We CollectWe only collect personal information that you voluntarily provide to us through our website forms: Contact Forms: When you reach out for general [&hellip;]<\/p>\n","protected":false},"author":1,"featured_media":0,"parent":0,"menu_order":0,"comment_status":"closed","ping_status":"open","template":"","meta":{"site-sidebar-layout":"default","site-content-layout":"","ast-site-content-layout":"default","site-content-style":"default","site-sidebar-style":"default","ast-global-header-display":"","ast-banner-title-visibility":"","ast-main-header-display":"","ast-hfb-above-header-display":"","ast-hfb-below-header-display":"","ast-hfb-mobile-header-display":"","site-post-title":"disabled","ast-breadcrumbs-content":"","ast-featured-img":"","footer-sml-layout":"","ast-disable-related-posts":"","theme-transparent-header-meta":"","adv-header-id-meta":"","stick-header-meta":"","header-above-stick-meta":"","header-main-stick-meta":"","header-below-stick-meta":"","astra-migrate-meta-layouts":"default","ast-page-background-enabled":"default","ast-page-background-meta":{"desktop":{"background-color":"","background-image":"","background-repeat":"repeat","background-position":"center center","background-size":"auto","background-attachment":"scroll","background-type":"","background-media":"","overlay-type":"","overlay-color":"","overlay-opacity":"","overlay-gradient":""},"tablet":{"background-color":"","background-image":"","background-repeat":"repeat","background-position":"center center","background-size":"auto","background-attachment":"scroll","background-type":"","background-media":"","overlay-type":"","overlay-color":"","overlay-opacity":"","overlay-gradient":""},"mobile":{"background-color":"","background-image":"","background-repeat":"repeat","background-position":"center center","background-size":"auto","background-attachment":"scroll","background-type":"","background-media":"","overlay-type":"","overlay-color":"","overlay-opacity":"","overlay-gradient":""}},"ast-content-background-meta":{"desktop":{"background-color":"var(--ast-global-color-5)","background-image":"","background-repeat":"repeat","background-position":"center center","background-size":"auto","background-attachment":"scroll","background-type":"","background-media":"","overlay-type":"","overlay-color":"","overlay-opacity":"","overlay-gradient":""},"tablet":{"background-color":"var(--ast-global-color-5)","background-image":"","background-repeat":"repeat","background-position":"center center","background-size":"auto","background-attachment":"scroll","background-type":"","background-media":"","overlay-type":"","overlay-color":"","overlay-opacity":"","overlay-gradient":""},"mobile":{"background-color":"var(--ast-global-color-5)","background-image":"","background-repeat":"repeat","background-position":"center center","background-size":"auto","background-attachment":"scroll","background-type":"","background-media":"","overlay-type":"","overlay-color":"","overlay-opacity":"","overlay-gradient":""}},"footnotes":""},"class_list":["post-3","page","type-page","status-publish","hentry"],"_links":{"self":[{"href":"https:\/\/www.valiosoinsurance.com\/es\/wp-json\/wp\/v2\/pages\/3","targetHints":{"allow":["GET"]}}],"collection":[{"href":"https:\/\/www.valiosoinsurance.com\/es\/wp-json\/wp\/v2\/pages"}],"about":[{"href":"https:\/\/www.valiosoinsurance.com\/es\/wp-json\/wp\/v2\/types\/page"}],"author":[{"embeddable":true,"href":"https:\/\/www.valiosoinsurance.com\/es\/wp-json\/wp\/v2\/users\/1"}],"replies":[{"embeddable":true,"href":"https:\/\/www.valiosoinsurance.com\/es\/wp-json\/wp\/v2\/comments?post=3"}],"version-history":[{"count":10,"href":"https:\/\/www.valiosoinsurance.com\/es\/wp-json\/wp\/v2\/pages\/3\/revisions"}],"predecessor-version":[{"id":1592,"href":"https:\/\/www.valiosoinsurance.com\/es\/wp-json\/wp\/v2\/pages\/3\/revisions\/1592"}],"wp:attachment":[{"href":"https:\/\/www.valiosoinsurance.com\/es\/wp-json\/wp\/v2\/media?parent=3"}],"curies":[{"name":"wp","href":"https:\/\/api.w.org\/{rel}","templated":true}]}}